{"id":30,"date":"2025-10-01T13:52:09","date_gmt":"2025-10-01T13:52:09","guid":{"rendered":"https:\/\/www2.passion.dorfstetten.at\/?page_id=30"},"modified":"2025-10-01T14:16:00","modified_gmt":"2025-10-01T14:16:00","slug":"aktuelles","status":"publish","type":"page","link":"https:\/\/www2.passion.dorfstetten.at\/?page_id=30","title":{"rendered":"Aktuelles"},"content":{"rendered":"<ul class=\"wp-block-latest-posts__list has-author wp-block-latest-posts\"><li><a class=\"wp-block-latest-posts__post-title\" href=\"https:\/\/www2.passion.dorfstetten.at\/?p=33\">R\u00fcckblick Passionsspiele 2023<\/a><div class=\"wp-block-latest-posts__post-author\">von Markus H\u00f6nninger<\/div><div class=\"wp-block-latest-posts__post-excerpt\">Wir blicken auf wunderbare und emotionale Auff\u00fchrungen zur\u00fcck.Damit die Passionsspiele \u00fcberhaupt stattfinden konnten, waren lange und intensive Vorbereitungen notwendig. Es wurde eine neue B\u00fchne geplant sowie der Text neu geschrieben. Unter Einbindung neuer Musikelemente und einem Kinderchor sollte das Gesamtkonzept abgerundet werden. Somit stand den Proben nichts mehr im Wege. Diese fanden oft bei kalten &#8230; <a title=\"R\u00fcckblick Passionsspiele 2023\" class=\"read-more\" href=\"https:\/\/www2.passion.dorfstetten.at\/?p=33\" aria-label=\"Mehr Informationen \u00fcber R\u00fcckblick Passionsspiele 2023\">Weiterlesen<\/a><\/div><\/li>\n<\/ul>","protected":false},"excerpt":{"rendered":"","protected":false},"author":2,"featured_media":0,"parent":0,"menu_order":0,"comment_status":"closed","ping_status":"closed","template":"","meta":{"footnotes":""},"class_list":["post-30","page","type-page","status-publish"],"_links":{"self":[{"href":"https:\/\/www2.passion.dorfstetten.at\/index.php?rest_route=\/wp\/v2\/pages\/30","targetHints":{"allow":["GET"]}}],"collection":[{"href":"https:\/\/www2.passion.dorfstetten.at\/index.php?rest_route=\/wp\/v2\/pages"}],"about":[{"href":"https:\/\/www2.passion.dorfstetten.at\/index.php?rest_route=\/wp\/v2\/types\/page"}],"author":[{"embeddable":true,"href":"https:\/\/www2.passion.dorfstetten.at\/index.php?rest_route=\/wp\/v2\/users\/2"}],"replies":[{"embeddable":true,"href":"https:\/\/www2.passion.dorfstetten.at\/index.php?rest_route=%2Fwp%2Fv2%2Fcomments&post=30"}],"version-history":[{"count":3,"href":"https:\/\/www2.passion.dorfstetten.at\/index.php?rest_route=\/wp\/v2\/pages\/30\/revisions"}],"predecessor-version":[{"id":39,"href":"https:\/\/www2.passion.dorfstetten.at\/index.php?rest_route=\/wp\/v2\/pages\/30\/revisions\/39"}],"wp:attachment":[{"href":"https:\/\/www2.passion.dorfstetten.at\/index.php?rest_route=%2Fwp%2Fv2%2Fmedia&parent=30"}],"curies":[{"name":"wp","href":"https:\/\/api.w.org\/{rel}","templated":true}]}}